{"id":1024,"date":"2017-01-19T14:15:22","date_gmt":"2017-01-19T14:15:22","guid":{"rendered":"http:\/\/otif.ch\/en\/?page_id=1024"},"modified":"2018-04-03T08:25:06","modified_gmt":"2018-04-03T08:25:06","slug":"terms-and-conditions","status":"publish","type":"page","link":"https:\/\/extranet.otif.org\/fr\/?page_id=1024","title":{"rendered":"Conditions d\u2019utilisation et politique de confidentialit\u00e9"},"content":{"rendered":"<h3 style=\"text-align: left;\">Conditions d\u2019utilisation et politique de confidentialit\u00e9<br \/>\n<img loading=\"lazy\" decoding=\"async\" class=\"alignnone\" src=\"http:\/\/otif.org\/fileadmin\/images\/icons\/line.png\" width=\"800\" height=\"1\" \/><\/h3>\n<p><strong>1. G\u00e9n\u00e9ralit\u00e9s<\/strong><\/p>\n<p>L\u2019OTIF propose un extranet, sur lequel les \u00c9tats membres et autres parties autoris\u00e9es peuvent acc\u00e9der de mani\u00e8re s\u00e9curis\u00e9e \u00e0 ses informations.<\/p>\n<p>En utilisant l\u2019extranet, vous acceptez de vous plier aux pr\u00e9sentes conditions d\u2019utilisation et \u00e0 la politique de confidentialit\u00e9. Si vous refusez, n\u2019utilisez pas l\u2019extranet.<\/p>\n<p>Pour tout commentaire ou toute question concernant l\u2019extranet, n\u2019h\u00e9sitez pas \u00e0 nous contacter.<\/p>\n<p><strong>2. Acc\u00e8s<\/strong><\/p>\n<p>Pour pouvoir acc\u00e9der \u00e0 l\u2019extranet, vous recevrez des identifiants personnels. Les utilisateurs autoris\u00e9s peuvent avoir des droits d\u2019acc\u00e8s diff\u00e9rents. Vous reconnaissez que : i) vos identifiants sont destin\u00e9s \u00e0 votre seul usage personnel ; ii) vous ne permettrez \u00e0 personne d\u2019autre d\u2019utiliser vos identifiants pour acc\u00e9der \u00e0 l\u2019extranet ; iii) vous ne transf\u00e9rerez ou ne partagerez avec personne vos identifiants. Vous acceptez de ne pas divulguer vos identifiants. Vous acceptez d\u2019informer imm\u00e9diatement l\u2019OTIF : i) si vous avez l\u2019impression que quelqu\u2019un a obtenu un acc\u00e8s non autoris\u00e9 \u00e0 votre compte ; ii) si vos identifiants ont \u00e9t\u00e9 divulgu\u00e9s \u00e0 une tierce partie. Vous r\u00e9pondez de tout acc\u00e8s \u00e0 l\u2019extranet au moyen de vos identifiants et acceptez de r\u00e9pondre de tout dommage ou perte r\u00e9sultant de l\u2019utilisation de vos identifiants par une tierce partie.<\/p>\n<p>Vous d\u00e9clarez et garantissez que les renseignements que vous fournissez \u00e0 l\u2019OTIF pour obtenir un acc\u00e8s \u00e0 l\u2019extranet sont complets et exacts. Il vous incombe d\u2019informer l\u2019OTIF de tout changement.<\/p>\n<p>L\u2019OTIF se r\u00e9serve le droit de refuser l\u2019acc\u00e8s \u00e0 l\u2019extranet \u00e0 un utilisateur, de suspendre certains droits d\u2019acc\u00e8s et de bloquer l\u2019acc\u00e8s \u00e0 l\u2019extranet (en totalit\u00e9 ou en partie) en tout temps et pour tout motif.<\/p>\n<p>Si vous rencontrez des probl\u00e8mes techniques, veuillez contacter l\u2019OTIF.<\/p>\n<p><strong>3. Utilisations autoris\u00e9es<\/strong><\/p>\n<p>a) G\u00e9n\u00e9ralit\u00e9s<\/p>\n<p>Les documents mis \u00e0 disposition sur l\u2019extranet peuvent \u00eatre t\u00e9l\u00e9charg\u00e9s, lus et imprim\u00e9s pour usage interne au sein de votre organisation.<\/p>\n<p>b) T\u00e9l\u00e9chargements<\/p>\n<p>L\u2019OTIF ne r\u00e9pond pas de la s\u00e9curit\u00e9 des documents que vous t\u00e9l\u00e9chargez de l\u2019extranet.<\/p>\n<p><strong>4. Confidentialit\u00e9<\/strong><\/p>\n<p>L\u2019utilisateur est tenu \u00e0 la confidentialit\u00e9 et ne divulgue, par \u00e9crit ou sous quelque forme que ce soit, aucune information qu\u2019il trouve sur l\u2019extranet, qui est par nature confidentiel.<\/p>\n","protected":false},"excerpt":{"rendered":"<p>Conditions d\u2019utilisation et politique de confidentialit\u00e9 1. G\u00e9n\u00e9ralit\u00e9s L\u2019OTIF propose un extranet, sur lequel les \u00c9tats membres et autres parties autoris\u00e9es peuvent acc\u00e9der de mani\u00e8re s\u00e9curis\u00e9e<span class=\"excerpt-hellip\"> [\u2026]<\/span><\/p>\n","protected":false},"author":1,"featured_media":0,"parent":0,"menu_order":10,"comment_status":"closed","ping_status":"closed","template":"","meta":{"footnotes":""},"class_list":["post-1024","page","type-page","status-publish","hentry"],"_links":{"self":[{"href":"https:\/\/extranet.otif.org\/fr\/index.php?rest_route=\/wp\/v2\/pages\/1024","targetHints":{"allow":["GET"]}}],"collection":[{"href":"https:\/\/extranet.otif.org\/fr\/index.php?rest_route=\/wp\/v2\/pages"}],"about":[{"href":"https:\/\/extranet.otif.org\/fr\/index.php?rest_route=\/wp\/v2\/types\/page"}],"author":[{"embeddable":true,"href":"https:\/\/extranet.otif.org\/fr\/index.php?rest_route=\/wp\/v2\/users\/1"}],"replies":[{"embeddable":true,"href":"https:\/\/extranet.otif.org\/fr\/index.php?rest_route=%2Fwp%2Fv2%2Fcomments&post=1024"}],"version-history":[{"count":6,"href":"https:\/\/extranet.otif.org\/fr\/index.php?rest_route=\/wp\/v2\/pages\/1024\/revisions"}],"predecessor-version":[{"id":3791,"href":"https:\/\/extranet.otif.org\/fr\/index.php?rest_route=\/wp\/v2\/pages\/1024\/revisions\/3791"}],"wp:attachment":[{"href":"https:\/\/extranet.otif.org\/fr\/index.php?rest_route=%2Fwp%2Fv2%2Fmedia&parent=1024"}],"curies":[{"name":"wp","href":"https:\/\/api.w.org\/{rel}","templated":true}]}}