{"id":1020,"date":"2016-11-15T20:30:26","date_gmt":"2016-11-15T20:30:26","guid":{"rendered":"http:\/\/otif.ch\/en\/?page_id=1020"},"modified":"2024-05-06T12:21:52","modified_gmt":"2024-05-06T12:21:52","slug":"conditions-of-use-and-liability","status":"publish","type":"page","link":"https:\/\/extranet.otif.org\/jur\/?page_id=1020","title":{"rendered":"R\u00e8glement int\u00e9rieur \/ Gesch\u00e4ftsordnung \/ Rules of Procedure"},"content":{"rendered":"<div class=\"wpb-content-wrapper\"><p>[vc_row][vc_column][vc_column_text]<\/p>\n<h3 style=\"text-align: left;\">R\u00e8glement int\u00e9rieur \/ Gesch\u00e4ftsordnung \/ Rules of Procedure<br \/>\n<img decoding=\"async\" class=\"alignnone\" src=\"http:\/\/otif.org\/fileadmin\/images\/icons\/line.png\" width=\"800\" height=\"1\" \/><\/h3>\n<p>[\/vc_column_text][\/vc_column][\/vc_row][vc_row][vc_column][vc_column_text css=&#8221;&#8221;]<strong>R\u00e8glement int\u00e9rieur de la Commission ad hoc sur les questions juridiques et la coop\u00e9ration internationale<\/strong><\/p>\n<p>En application de l\u2019article 16, \u00a7 10, de la Convention relative aux transports internationaux ferroviaires (COTIF) du 9 mai 1980 dans la teneur du Protocole du 3 juin 1999, la Commission ad hoc sur les questions juridiques et la coop\u00e9ration internationale a adopt\u00e9 le R\u00e8glement int\u00e9rieur ci- apr\u00e8s.[\/vc_column_text][\/vc_column][\/vc_row][vc_row][vc_column][vc_separator][\/vc_column][\/vc_row][vc_row][vc_column][vc_column_text css=&#8221;&#8221;]<strong>Gesch\u00e4ftsordnung des Ad-hoc-Ausschusses f\u00fcr Rechtsfragen und internationale Zusammenarbeit<\/strong><\/p>\n<p>In Anwendung des Artikels 16 \u00a7 10 des \u00dcbereinkommens \u00fcber den internationalen Eisenbahnverkehr (COTIF) vom 9. Mai 1980 in der Fassung des Protokolls vom 3. Juni 1999 nimmt der Ad-hoc-Ausschuss f\u00fcr Rechtsfragen und internationale Zusammenarbeit folgende Gesch\u00e4ftsordnung an.[\/vc_column_text][\/vc_column][\/vc_row][vc_row][vc_column][vc_separator][\/vc_column][\/vc_row][vc_row][vc_column][vc_column_text css=&#8221;&#8221;]<strong>Rules of Procedure of the ad hoc Committee on Legal Affairs and International Cooperation<\/strong><\/p>\n<p>In accordance with Article 16 \u00a7 10 of the Convention concerning International Carriage by Rail (COTIF) of 9 May 1980, as amended by the Protocol of 3 June 1999, the ad hoc Committee on Legal Affairs and International Cooperation has adopted the following Rules of Procedure.[\/vc_column_text][\/vc_column][\/vc_row][vc_row][vc_column][vc_separator][\/vc_column][\/vc_row][vc_row][vc_column][vc_column_text css=&#8221;&#8221;]<\/p>\n<table style=\"border-collapse: collapse; width: 100%; height: 75px;\">\n<tbody>\n<tr style=\"height: 25px;\">\n<td style=\"width: 20.0354%; height: 75px;\" rowspan=\"3\"><strong>OTIF-24002-JUR 6<\/strong><\/td>\n<td style=\"width: 39.8937%; text-align: left;\" width=\"692\">R\u00e8glement int\u00e9rieur de la Commission ad hoc sur les questions juridiques et la coop\u00e9ration internationale<\/td>\n<td style=\"width: 29.4326%; text-align: left;\" width=\"692\">en vigueur depuis le 18.04.2024<\/td>\n<td style=\"width: 10.6383%; height: 75px; text-align: center;\" rowspan=\"3\"><a href=\"\/jur_data\/OTIF-24002-JUR6-fde-Rules%20of%20Procedure.pdf\" target=\"_blank\" rel=\"noopener\">PDF<\/a><\/td>\n<\/tr>\n<tr>\n<td style=\"width: 39.8937%; text-align: left;\" width=\"692\">Gesch\u00e4ftsordnung des Ad-hoc-Ausschusses f\u00fcr Rechtsfragen und internationale Zusammenarbeit<\/td>\n<td style=\"width: 29.4326%; text-align: left;\" width=\"692\">in Kraft seit\u00a018.04.2024<\/td>\n<\/tr>\n<tr>\n<td style=\"width: 39.8937%; text-align: left;\" width=\"692\">Rules of Procedure of the ad hoc Committee on Legal Affairs and International Cooperation<\/td>\n<td style=\"width: 29.4326%; text-align: left;\" width=\"692\">in force from 18.04.2024<\/td>\n<\/tr>\n<\/tbody>\n<\/table>\n<p>[\/vc_column_text][\/vc_column][\/vc_row][vc_row][vc_column][vc_column_text css=&#8221;&#8221;]<\/p>\n<table style=\"border-collapse: collapse; width: 100%; height: 75px;\">\n<tbody>\n<tr style=\"height: 25px;\">\n<td style=\"width: 20.0354%; height: 75px;\" rowspan=\"3\"><strong>OTIF-21009-JUR 1<\/strong><\/td>\n<td style=\"width: 39.8937%; text-align: left;\" width=\"692\">R\u00e8glement int\u00e9rieur de la Commission ad hoc sur les questions juridiques et la coop\u00e9ration internationale<\/td>\n<td style=\"width: 29.4326%; text-align: left;\" width=\"692\">en vigueur du 09.11.2021 au 17.04.2024<\/td>\n<td style=\"width: 10.6383%; height: 75px; text-align: center;\" rowspan=\"3\"><a href=\"\/jur_data\/OTIF-21009-JUR1-fde-Rules of Procedure.pdf\" target=\"_blank\" rel=\"noopener\">PDF<\/a><\/td>\n<\/tr>\n<tr>\n<td style=\"width: 39.8937%; text-align: left;\" width=\"692\">Gesch\u00e4ftsordnung des Ad-hoc-Ausschusses f\u00fcr Rechtsfragen und internationale Zusammenarbeit<\/td>\n<td style=\"width: 29.4326%; text-align: left;\" width=\"692\">in Kraft vom 09.11.2021 bis 17.04.2024<\/td>\n<\/tr>\n<tr>\n<td style=\"width: 39.8937%; text-align: left;\" width=\"692\">Rules of Procedure of the ad hoc Committee on Legal Affairs and International Cooperation<\/td>\n<td style=\"width: 29.4326%; text-align: left;\" width=\"692\">in force from 09.11.2021 to 17.04.2024<\/td>\n<\/tr>\n<\/tbody>\n<\/table>\n<p>[\/vc_column_text][\/vc_column][\/vc_row]<\/p>\n<\/div>","protected":false},"excerpt":{"rendered":"<p>[vc_row][vc_column][vc_column_text] R\u00e8glement int\u00e9rieur \/ Gesch\u00e4ftsordnung \/ Rules of Procedure [\/vc_column_text][\/vc_column][\/vc_row][vc_row][vc_column][vc_column_text css=&#8221;&#8221;]R\u00e8glement int\u00e9rieur de la Commission ad hoc sur les questions juridiques et la coop\u00e9ration internationale En<span class=\"excerpt-hellip\"> [\u2026]<\/span><\/p>\n","protected":false},"author":1,"featured_media":0,"parent":36,"menu_order":0,"comment_status":"closed","ping_status":"closed","template":"","meta":{"footnotes":""},"class_list":["post-1020","page","type-page","status-publish","hentry"],"_links":{"self":[{"href":"https:\/\/extranet.otif.org\/jur\/index.php?rest_route=\/wp\/v2\/pages\/1020","targetHints":{"allow":["GET"]}}],"collection":[{"href":"https:\/\/extranet.otif.org\/jur\/index.php?rest_route=\/wp\/v2\/pages"}],"about":[{"href":"https:\/\/extranet.otif.org\/jur\/index.php?rest_route=\/wp\/v2\/types\/page"}],"author":[{"embeddable":true,"href":"https:\/\/extranet.otif.org\/jur\/index.php?rest_route=\/wp\/v2\/users\/1"}],"replies":[{"embeddable":true,"href":"https:\/\/extranet.otif.org\/jur\/index.php?rest_route=%2Fwp%2Fv2%2Fcomments&post=1020"}],"version-history":[{"count":26,"href":"https:\/\/extranet.otif.org\/jur\/index.php?rest_route=\/wp\/v2\/pages\/1020\/revisions"}],"predecessor-version":[{"id":6415,"href":"https:\/\/extranet.otif.org\/jur\/index.php?rest_route=\/wp\/v2\/pages\/1020\/revisions\/6415"}],"up":[{"embeddable":true,"href":"https:\/\/extranet.otif.org\/jur\/index.php?rest_route=\/wp\/v2\/pages\/36"}],"wp:attachment":[{"href":"https:\/\/extranet.otif.org\/jur\/index.php?rest_route=%2Fwp%2Fv2%2Fmedia&parent=1020"}],"curies":[{"name":"wp","href":"https:\/\/api.w.org\/{rel}","templated":true}]}}