{"id":1119,"date":"2019-01-28T16:45:33","date_gmt":"2019-01-28T16:45:33","guid":{"rendered":"http:\/\/otif.ch\/en\/?page_id=1119"},"modified":"2022-02-09T13:15:14","modified_gmt":"2022-02-09T13:15:14","slug":"presentations","status":"publish","type":"page","link":"https:\/\/extranet.otif.org\/jur\/?page_id=1119","title":{"rendered":"Troisi\u00e8me \/ Dritte \/ Third"},"content":{"rendered":"<div class=\"wpb-content-wrapper\"><p>[vc_row][vc_column][vc_column_text]<\/p>\n<h3 style=\"text-align: left;\">3e session: 22 avril 2020 (Berne) &#8211; Report\u00e9e au 20 octobre 2020 (r\u00e9union \u00e0 distance)<\/h3>\n<h3>3. Tagung: 22. April 2020 (Bern) &#8211; Verschoben auf den 20. Oktober (Sitzung per Video)<\/h3>\n<h3 style=\"text-align: left;\">3<sup>rd<\/sup> Session: 22 April 2020 (Berne) \u2013 Postponed to 20 October 2020 (remote meeting)<br \/>\n<img decoding=\"async\" class=\"alignnone\" src=\"http:\/\/otif.org\/fileadmin\/images\/icons\/line.png\" width=\"800\" height=\"1\" \/><\/h3>\n<p>[\/vc_column_text][vc_toggle title=&#8221;Convocation \/ Einladung \/ Invitation&#8221; el_id=&#8221;1479647993798-170dde84-f195&#8243;]<\/p>\n<table style=\"width: 661px;\" width=\"661\">\n<tbody>\n<tr>\n<td rowspan=\"3\" width=\"158\">\n<p style=\"text-align: center;\"><span style=\"font-size: 10pt;\">LAW-20005-ACC 3\/GTEJ 3<\/span><\/p>\n<\/td>\n<td style=\"text-align: left;\" width=\"318\"><span style=\"font-size: 10pt;\">Convocation<\/span><\/td>\n<td rowspan=\"3\" width=\"125\">\n<p style=\"text-align: center;\"><span style=\"font-size: 10pt;\">20.02.2020<\/span><\/p>\n<\/td>\n<td style=\"text-align: center;\" width=\"60\"><a href=\"\/working_group_of_legal_experts\/GTEJ3\/LAW-20005-ACC3_GTEJ3-f-Convocation.pdf\">PDF<\/a><\/td>\n<\/tr>\n<tr>\n<td style=\"text-align: left;\" width=\"318\"><span style=\"font-size: 10pt;\">Einladung<\/span><\/td>\n<td style=\"text-align: center;\" width=\"60\"><a href=\"\/working_group_of_legal_experts\/GTEJ3\/LAW-20005-ACC3_GTEJ3-d-Einladung.pdf\">PDF<\/a><\/td>\n<\/tr>\n<tr>\n<td style=\"text-align: left;\" width=\"318\"><span style=\"font-size: 10pt;\">Invitation<\/span><\/td>\n<td style=\"text-align: center;\" width=\"60\"><a href=\"\/working_group_of_legal_experts\/GTEJ3\/LAW-20005-ACC3_GTEJ3-e-Invitation.pdf\">PDF<\/a><\/td>\n<\/tr>\n<tr>\n<td style=\"background-color: #ebf5fe;\" rowspan=\"3\">\n<p style=\"text-align: center;\"><span style=\"font-size: 10pt;\">\u00a0<\/span><\/p>\n<p style=\"text-align: center;\"><span style=\"font-size: 10pt;\">LAW-20022-ACC 3\/GTEJ 3<\/span><\/p>\n<p style=\"text-align: center;\"><span style=\"font-size: 10pt;\">\u00a0<\/span><\/p>\n<\/td>\n<td style=\"background-color: #ebf5fe; text-align: left;\"><span style=\"font-size: 10pt;\">Report<\/span><\/td>\n<td style=\"background-color: #ebf5fe;\" rowspan=\"3\">\n<p style=\"text-align: center;\"><span style=\"font-size: 10pt;\">24.03.2020<\/span><\/p>\n<\/td>\n<td style=\"text-align: center; background-color: #ebf5fe;\"><a href=\"\/ad_hoc_committee_on_cooperation\/ACC3\/LAW-20022-ACC3_GTEJ3-f-Report.pdf\">PDF<\/a><\/td>\n<\/tr>\n<tr>\n<td style=\"background-color: #ebf5fe; text-align: left;\"><span style=\"font-size: 10pt;\">Verschiebung<\/span><\/td>\n<td style=\"text-align: center; background-color: #ebf5fe;\"><a href=\"\/ad_hoc_committee_on_cooperation\/ACC3\/LAW-20022-ACC3_GTEJ3-d-Verschiebung.pdf\">PDF<\/a><\/td>\n<\/tr>\n<tr>\n<td style=\"background-color: #ebf5fe; text-align: left;\"><span style=\"font-size: 10pt;\">Postponement<\/span><\/td>\n<td style=\"text-align: center; background-color: #ebf5fe;\">\u00a0<a href=\"\/ad_hoc_committee_on_cooperation\/ACC3\/LAW-20022-ACC3_GTEJ3-e-Postponement.pdf\">PDF<\/a><\/td>\n<\/tr>\n<tr>\n<td rowspan=\"3\">\n<p style=\"text-align: center;\"><span style=\"font-size: 10pt;\">\u00a0<\/span><\/p>\n<p style=\"text-align: center;\"><span style=\"font-size: 10pt;\">LAW-20030-ACC 3\/GTEJ 3<\/span><\/p>\n<p style=\"text-align: center;\"><span style=\"font-size: 10pt;\">\u00a0<\/span><\/p>\n<\/td>\n<td style=\"text-align: left;\"><span style=\"font-size: 10pt;\">Convocation (nouvelle)<\/span><\/td>\n<td rowspan=\"3\">\n<p style=\"text-align: center;\"><span style=\"font-size: 10pt;\">\u00a0<\/span><\/p>\n<p style=\"text-align: center;\"><span style=\"font-size: 10pt;\">20.08.2020<\/span><\/p>\n<p style=\"text-align: center;\"><span style=\"font-size: 10pt;\">\u00a0<\/span><\/p>\n<\/td>\n<td style=\"text-align: center;\"><a href=\"\/ad_hoc_committee_on_cooperation\/ACC3\/LAW-20030-ACC3_GTEJ3-f-Convocation%20%28nouvelle%29.pdf\">PDF<\/a><\/td>\n<\/tr>\n<tr>\n<td style=\"text-align: left;\"><span style=\"font-size: 10pt;\"> Einladung (neu)<\/span><\/td>\n<td style=\"text-align: center;\"><a href=\"\/ad_hoc_committee_on_cooperation\/ACC3\/LAW-20030-ACC3_GTEJ3-d-Einladung%20%28neu%29.pdf\">PDF<\/a><\/td>\n<\/tr>\n<tr>\n<td style=\"text-align: left;\"><span style=\"font-size: 10pt;\">\u00a0Invitation (new)<\/span><\/td>\n<td style=\"text-align: center;\"><a href=\"\/ad_hoc_committee_on_cooperation\/ACC3\/LAW-20030-ACC3_GTEJ3-e-Invitation%20%28new%29.pdf\">PDF<\/a><\/td>\n<\/tr>\n<tr>\n<td style=\"background-color: #ebf5fe;\" rowspan=\"3\">\n<p style=\"text-align: center;\"><span style=\"font-size: 10pt;\">\u00a0<\/span><\/p>\n<p style=\"text-align: center;\"><span style=\"font-size: 10pt;\">LAW-20043-ACC 3\/GTEJ 3\u00a0<\/span><\/p>\n<p style=\"text-align: center;\"><span style=\"font-size: 10pt;\">\u00a0<\/span><\/p>\n<\/td>\n<td style=\"background-color: #ebf5fe; text-align: left;\"><span style=\"font-size: 10pt;\">Modalit\u00e9s de participation aux sessions<\/span><\/td>\n<td style=\"background-color: #ebf5fe;\" rowspan=\"3\">\n<p style=\"text-align: center;\"><span style=\"font-size: 10pt;\">\u00a0<\/span><\/p>\n<p style=\"text-align: center;\"><span style=\"font-size: 10pt;\">22.09.2020<\/span><\/p>\n<p style=\"text-align: center;\"><span style=\"font-size: 10pt;\">\u00a0<\/span><\/p>\n<\/td>\n<td style=\"text-align: center; background-color: #ebf5fe;\"><a href=\"\/ad_hoc_committee_on_cooperation\/ACC3\/LAW-20043-ACC3_GTEJ3-f-Modalit%C3%A9s%20de%20participation%20aux%20sessions.pdf\">PDF<\/a><\/td>\n<\/tr>\n<tr>\n<td style=\"background-color: #ebf5fe; text-align: left;\"><span style=\"font-size: 10pt;\"> Vorkehrungen f\u00fcr die Teilnahme an den Tagungen<\/span><\/td>\n<td style=\"background-color: #ebf5fe; text-align: center;\"><a href=\"\/ad_hoc_committee_on_cooperation\/ACC3\/LAW-20043-ACC3_GTEJ3-d-Vorkehrungen%20f%C3%BCr%20die%20Teilnahme%20an%20den%20Tagungen.pdf\">PDF<\/a><\/td>\n<\/tr>\n<tr>\n<td style=\"background-color: #ebf5fe; text-align: left;\"><span style=\"font-size: 10pt;\">Arrangements for participating in the sessions<\/span><\/td>\n<td style=\"text-align: center; background-color: #ebf5fe;\">\u00a0<a href=\"\/ad_hoc_committee_on_cooperation\/ACC3\/LAW-20043-ACC3_GTEJ3-e-Arrangements%20for%20participating%20in%20the%20sessions.pdf\">PDF<\/a><\/td>\n<\/tr>\n<\/tbody>\n<\/table>\n<p>[\/vc_toggle][vc_toggle title=&#8221;Ordre du jour \/ Tagesordnung \/ Agenda&#8221; el_id=&#8221;1479647989704-356f8b5f-6dc8&#8243;]<\/p>\n<table style=\"width: 661px;\" width=\"661\">\n<tbody>\n<tr>\n<td style=\"width: 23.1818%;\" rowspan=\"3\" width=\"158\">\n<p style=\"text-align: center;\"><span style=\"font-size: 10pt;\">LAW-20007-ACC 3\/1<\/span><\/p>\n<\/td>\n<td style=\"width: 50.303%; height: 24.4375px; text-align: left;\"><span style=\"font-size: 10pt;\">Ordre du jour provisoire et ordre du jour provisoire annot\u00e9<\/span><\/td>\n<td style=\"width: 16.8182%;\" rowspan=\"3\" width=\"125\">\n<p style=\"text-align: center;\"><span style=\"font-size: 10pt;\">20.02.2020<\/span><\/p>\n<\/td>\n<td style=\"width: 8.33333%;\" width=\"60\"><a href=\"\/ad_hoc_committee_on_cooperation\/ACC3\/LAW-20007-ACC3-01-f-Ordre%20du%20jour%20provisoire%20et%20annot%C3%A9.pdf\">PDF<\/a><\/td>\n<\/tr>\n<tr>\n<td style=\"width: 50.303%; text-align: left;\" width=\"318\"><span style=\"font-size: 10pt;\">Vorl\u00e4ufige Tagesordnung und kommentierte vorl\u00e4ufige Tagesordnung<\/span><\/td>\n<td style=\"width: 8.33333%;\" width=\"60\"><a href=\"\/ad_hoc_committee_on_cooperation\/ACC3\/LAW-20007-ACC3-01-d-vorl%C3%A4ufige%20TO%20und%20kommentierte%20vorl%C3%A4ufige%20TO.pdf\">PDF<\/a><\/td>\n<\/tr>\n<tr>\n<td style=\"width: 50.303%; text-align: left;\" width=\"318\"><span style=\"font-size: 10pt;\">Provisional agenda and annotated provisional agenda<\/span><\/td>\n<td style=\"width: 8.33333%;\" width=\"60\"><a href=\"\/ad_hoc_committee_on_cooperation\/ACC3\/LAW-20007-ACC3-01-e-Provisional%20agenda%20and%20annotated%20provisional%20agenda.pdf\">PDF<\/a><\/td>\n<\/tr>\n<\/tbody>\n<\/table>\n<p>[\/vc_toggle][vc_toggle title=&#8221;Rapports \/ Berichte \/ Reports&#8221; el_id=&#8221;1479649658489-44891af7-83c0&#8243;]<\/p>\n<table style=\"width: 661px;\" width=\"661\">\n<tbody>\n<tr>\n<td style=\"background-color: #ebf5fe;\" rowspan=\"3\" width=\"158\"><\/td>\n<td style=\"text-align: left; background-color: #ebf5fe;\" width=\"318\">Proc\u00e8s-verbal<\/td>\n<td style=\"text-align: center; background-color: #ebf5fe;\" rowspan=\"3\" width=\"125\">20.10.2020<\/td>\n<td style=\"background-color: #ebf5fe;\" width=\"60\"><a href=\"\/ad_hoc_committee_on_cooperation\/ACC3\/ACC3-f-Proc%C3%A8s-verbal_%26%20ad.pdf\">PDF<\/a><\/td>\n<\/tr>\n<tr>\n<td style=\"text-align: left; background-color: #ebf5fe;\" width=\"318\">Niederschrift<\/td>\n<td style=\"background-color: #ebf5fe;\" width=\"60\"><a href=\"\/ad_hoc_committee_on_cooperation\/ACC3\/ACC3-d-Niederschrift_%26%20ad.pdf\">PDF<\/a><\/td>\n<\/tr>\n<tr>\n<td style=\"text-align: left; background-color: #ebf5fe;\" width=\"318\">Minutes<\/td>\n<td style=\"background-color: #ebf5fe;\" width=\"60\"><a href=\"\/ad_hoc_committee_on_cooperation\/ACC3\/ACC3-e-Minutes_%26%20ad.pdf\">PDF<\/a><\/td>\n<\/tr>\n<\/tbody>\n<\/table>\n<p>[\/vc_toggle][vc_toggle title=&#8221;Documents de travail \/ Arbeitsdokumente \/ Working Documents&#8221; el_id=&#8221;1479649720626-32c1f10b-d9e6&#8243;]<\/p>\n<table style=\"height: 400px; width: 661px;\" width=\"661\">\n<tbody>\n<tr style=\"height: 106px;\">\n<td style=\"height: 238px; width: 23.6232%;\" rowspan=\"3\" width=\"158\">\n<p style=\"text-align: center;\"><span style=\"font-size: 10pt;\">LAW- 20024<\/span><\/p>\n<\/td>\n<td style=\"height: 106px; width: 46.9565%; text-align: left;\" width=\"318\"><span style=\"font-size: 10pt;\">AVIS JURIDIQUE &#8211; Le fonctionnement des organes de l\u2019OTIF en cas de circonstances exceptionnelles<\/span><\/td>\n<td style=\"height: 238px; width: 18.8406%;\" rowspan=\"3\" width=\"125\">\n<p style=\"text-align: center;\"><span style=\"font-size: 10pt;\">26.05.2020<\/span><\/p>\n<\/td>\n<td style=\"height: 106px; text-align: center; width: 9.42029%;\" width=\"60\"><a href=\"\/ad_hoc_committee_on_cooperation\/ACC3\/LAW-20024-f-Le%20fonctionnement%20des%20organes%20de%20l%E2%80%99OTIF%20en%20cas%20de%20circonstances%20exceptionnelles.pdf\">PDF<\/a><\/td>\n<\/tr>\n<tr style=\"height: 52px;\">\n<td style=\"height: 52px; width: 46.9565%; text-align: left;\" width=\"318\"><span style=\"font-size: 10pt;\">RECHTSGUTACHTEN &#8211; Funktionsweise der Organe der OTIF unter au\u00dfergew\u00f6hnlichen Umst\u00e4nden<\/span><\/td>\n<td style=\"height: 52px; text-align: center; width: 9.42029%;\" width=\"60\"><a href=\"\/ad_hoc_committee_on_cooperation\/ACC3\/LAW-20024-d-Funktionsweise%20der%20Organe%20der%20OTIF%20unter%20aussergew%C3%B6hnlichen%20Umst%C3%A4nden.pdf\">PDF<\/a><\/td>\n<\/tr>\n<tr style=\"height: 80px;\">\n<td style=\"height: 80px; width: 46.9565%; text-align: left;\" width=\"318\"><span style=\"font-size: 10pt;\">LEGAL OPINION &#8211; The functioning of OTIF\u2019s organs in exceptional circumstances<\/span><\/td>\n<td style=\"height: 80px; text-align: center; width: 9.42029%;\" width=\"60\"><a href=\"\/ad_hoc_committee_on_cooperation\/ACC3\/LAW-20024-e-The%20functioning%20of%20OTIF%E2%80%99s%20organs%20in%20exceptional%20circumstances.pdf\">PDF<\/a><\/td>\n<\/tr>\n<tr style=\"height: 54px;\">\n<td style=\"height: 54px; background-color: #ebf5fe; width: 23.6232%;\" rowspan=\"3\"><span style=\"font-size: 10pt;\">LAW-20031-ACC 3\/GTEJ 3<\/span><\/td>\n<td style=\"height: 54px; background-color: #ebf5fe; width: 46.9565%; text-align: left;\"><span style=\"font-size: 10pt;\">Lignes directrices sur l\u2019application des r\u00e8glements int\u00e9rieurs<\/span><\/td>\n<td style=\"height: 162px; background-color: #ebf5fe; width: 18.8406%;\" rowspan=\"3\">\n<p style=\"text-align: center;\"><span style=\"font-size: 10pt;\">\u00a0<\/span><\/p>\n<p style=\"text-align: center;\"><span style=\"font-size: 10pt;\">22.09.2020<\/span><\/p>\n<p style=\"text-align: center;\"><span style=\"font-size: 10pt;\">\u00a0<\/span><\/p>\n<\/td>\n<td style=\"height: 54px; background-color: #ebf5fe; width: 9.42029%;\">\n<p style=\"text-align: center;\"><a href=\"\/ad_hoc_committee_on_cooperation\/ACC3\/LAW-20031_f_Lignes%20directrices%20sur%20l%E2%80%99application%20des%20r%C3%A8glements%20int%C3%A9rieurs.pdf\">PDF<\/a><\/p>\n<\/td>\n<\/tr>\n<tr style=\"height: 54px;\">\n<td style=\"height: 54px; background-color: #ebf5fe; width: 46.9565%; text-align: left;\"><span style=\"font-size: 10pt;\">Leitfaden zur Anwendung der Gesch\u00e4ftsordnungen<\/span><\/td>\n<td style=\"height: 54px; text-align: center; background-color: #ebf5fe; width: 9.42029%;\"><a href=\"\/ad_hoc_committee_on_cooperation\/ACC3\/LAW-20031_d_Leitfaden%20zur%20Anwendung%20der%20Gesch%C3%A4ftsordnungen.pdf\">PDF<\/a><\/td>\n<\/tr>\n<tr style=\"height: 54px;\">\n<td style=\"height: 54px; background-color: #ebf5fe; width: 46.9565%; text-align: left;\"><span style=\"font-size: 10pt;\">Guidelines on the application of relevant Rules of Procedure<\/span><\/td>\n<td style=\"height: 54px; text-align: center; background-color: #ebf5fe; width: 9.42029%;\"><a href=\"\/ad_hoc_committee_on_cooperation\/ACC3\/LAW-20031_e_Guidelines%20on%20the%20application%20of%20relevant%20Rules%20of%20Procedure.pdf\">PDF<\/a><\/td>\n<\/tr>\n<tr>\n<td style=\"width: 23.6232%;\" rowspan=\"3\"><span style=\"font-size: 10pt;\">LAW-20033-ACC 3\/2<\/span><span style=\"font-size: 10pt;\"><br \/>\n<\/span><span style=\"font-size: 10pt;\"><br \/>\n<\/span><\/td>\n<td style=\"width: 46.9565%; text-align: left;\"><span style=\"font-size: 10pt;\">La coop\u00e9ration avec les organisations et associations internationales<\/span><\/td>\n<td style=\"width: 18.8406%;\" rowspan=\"3\">\n<p style=\"text-align: center;\"><span style=\"font-size: 10pt;\">\u00a0<\/span><\/p>\n<p style=\"text-align: center;\"><span style=\"font-size: 10pt;\">22.09.2020<\/span><\/p>\n<p style=\"text-align: center;\"><span style=\"font-size: 10pt;\">\u00a0<\/span><\/p>\n<\/td>\n<td style=\"text-align: center; width: 9.42029%;\"><a href=\"\/ad_hoc_committee_on_cooperation\/ACC3\/LAW-20033_ACC3-02-f-Coop%C3%A9ration%20avec%20les%20organisations%20et%20associations%20internationales.pdf\">PDF<\/a><\/td>\n<\/tr>\n<tr>\n<td style=\"width: 46.9565%; text-align: left;\"><span style=\"font-size: 10pt;\">Zusammenarbeit mit internationalen Organisationen und Verb\u00e4nden<\/span><\/td>\n<td style=\"text-align: center; width: 9.42029%;\"><a href=\"\/ad_hoc_committee_on_cooperation\/ACC3\/LAW-20033_ACC3-02-d-Zusammenarbeit%20mit%20internationalen%20Organisationen%20und%20Verb%C3%A4nden.pdf\">PDF<\/a><\/td>\n<\/tr>\n<tr>\n<td style=\"width: 46.9565%; text-align: left;\"><span style=\"font-size: 10pt;\">Cooperation with international organisations and associations<\/span><\/td>\n<td style=\"text-align: center; width: 9.42029%;\"><a href=\"\/ad_hoc_committee_on_cooperation\/ACC3\/LAW-20033_ACC3-02-e-Cooperation%20with%20international%20organisations%20and%20associations.pdf\">PDF<\/a><\/td>\n<\/tr>\n<tr>\n<td style=\"width: 23.6232%; background-color: #ebf5fe;\" rowspan=\"3\"><span style=\"font-size: 10pt;\">LAW-20034-ACC 3\/3<\/span><span style=\"font-size: 10pt;\"><br \/>\n<\/span><span style=\"font-size: 10pt;\"><br \/>\n<\/span><\/td>\n<td style=\"width: 46.9565%; background-color: #ebf5fe; text-align: left;\"><span style=\"font-size: 10pt;\">Le Comit\u00e9 de contact UPU-Rail pour l\u2019acheminement du courrier par voie ferr\u00e9e<\/span><\/td>\n<td style=\"width: 18.8406%; background-color: #ebf5fe;\" rowspan=\"3\">\n<p style=\"text-align: center;\"><span style=\"font-size: 10pt;\">\u00a0<\/span><\/p>\n<p style=\"text-align: center;\"><span style=\"font-size: 10pt;\">22.09.2020<\/span><\/p>\n<p style=\"text-align: center;\"><span style=\"font-size: 10pt;\">\u00a0<\/span><\/p>\n<\/td>\n<td style=\"text-align: center; width: 9.42029%; background-color: #ebf5fe;\"><a href=\"\/ad_hoc_committee_on_cooperation\/ACC3\/LAW-20034_ACC3-03-f-Comit%C3%A9%20de%20contact%20UPU-Rail.pdf\">PDF<\/a><\/td>\n<\/tr>\n<tr>\n<td style=\"width: 46.9565%; background-color: #ebf5fe; text-align: left;\"><span style=\"font-size: 10pt;\">Eisenbahn-Kontaktausschuss f\u00fcr die Eisenbahnbef\u00f6rderung von Postsendungen<\/span><\/td>\n<td style=\"text-align: center; width: 9.42029%; background-color: #ebf5fe;\"><a href=\"\/ad_hoc_committee_on_cooperation\/ACC3\/LAW-20034_ACC3-03-d-Eisenbahn-Kontaktausschuss%20f%C3%BCr%20die%20Eisenbahnbef%C3%B6rderung%20von%20Postsendungen.pdf\">PDF<\/a><\/td>\n<\/tr>\n<tr>\n<td style=\"width: 46.9565%; background-color: #ebf5fe; text-align: left;\"><span style=\"font-size: 10pt;\">Rail Contact Committee for the transport of mail by rail project<\/span><\/td>\n<td style=\"text-align: center; width: 9.42029%; background-color: #ebf5fe;\"><a href=\"\/ad_hoc_committee_on_cooperation\/ACC3\/LAW-20034_ACC3-03-e-Rail%20Contact%20Committee%20for%20the%20transport%20of%20mail%20by%20rail%20project.pdf\">PDF<\/a><\/td>\n<\/tr>\n<tr>\n<td style=\"width: 23.6232%; background-color: #ffffff;\" rowspan=\"3\"><span style=\"font-size: 10pt;\">LAW-20035-ACC 3\/4<\/span><span style=\"font-size: 10pt;\"><br \/>\n<\/span><\/td>\n<td style=\"width: 46.9565%; background-color: #ffffff; text-align: left;\"><span style=\"font-size: 10pt;\">Lieu et date des prochaines sessions<\/span><\/td>\n<td style=\"width: 18.8406%; background-color: #ffffff;\" rowspan=\"3\">\n<p style=\"text-align: center;\"><span style=\"font-size: 10pt;\">\u00a0<\/span><\/p>\n<p style=\"text-align: center;\"><span style=\"font-size: 10pt;\">22.09.2020<\/span><\/p>\n<p style=\"text-align: center;\"><span style=\"font-size: 10pt;\">\u00a0<\/span><\/p>\n<\/td>\n<td style=\"text-align: center; width: 9.42029%; background-color: #ffffff;\"><a href=\"\/ad_hoc_committee_on_cooperation\/ACC3\/LAW-20035-ACC3-04_f_Date%20et%20lieu%20des%20prochaines%20sessions.pdf\">PDF<\/a><\/td>\n<\/tr>\n<tr>\n<td style=\"width: 46.9565%; background-color: #ffffff; text-align: left;\"><span style=\"font-size: 10pt;\">Ort und Datum der n\u00e4chsten Tagungen<\/span><\/td>\n<td style=\"text-align: center; width: 9.42029%; background-color: #ffffff;\"><a href=\"\/ad_hoc_committee_on_cooperation\/ACC3\/LAW-20035-ACC3-04__d_Datum%20und%20Ort%20der%20n%C3%A4chsten%20Tagungen.pdf\">PDF<\/a><\/td>\n<\/tr>\n<tr>\n<td style=\"width: 46.9565%; background-color: #ffffff; text-align: left;\"><span style=\"font-size: 10pt;\">Date and venue of the next sessions<\/span><\/td>\n<td style=\"text-align: center; width: 9.42029%; background-color: #ffffff;\"><a href=\"\/ad_hoc_committee_on_cooperation\/ACC3\/LAW-20035-ACC3-04_e_Date%20and%20venue%20of%20the%20next%20sessions.pdf\">PDF<\/a><\/td>\n<\/tr>\n<\/tbody>\n<\/table>\n<p>[\/vc_toggle][vc_toggle title=&#8221;Documents informels \/ Informelle Dokumente \/ Informal Documents&#8221; el_id=&#8221;1479649843861-97e0677c-c7f8&#8243;]<\/p>\n<p>&nbsp;<\/p>\n<table style=\"width: 661px;\" width=\"661\">\n<tbody>\n<tr>\n<td style=\"background-color: #ebf5fe; width: 163px;\" rowspan=\"3\" width=\"158\"><\/td>\n<td style=\"background-color: #ebf5fe; width: 323px; text-align: left;\" width=\"318\"><span style=\"font-size: 10pt;\">Programme (horaires d\u00e9taill\u00e9s)<\/span><\/td>\n<td style=\"background-color: #ebf5fe; width: 130px;\" rowspan=\"3\" width=\"125\">\n<p style=\"text-align: center;\"><span style=\"font-size: 10pt;\">09.10.2020<\/span><\/p>\n<\/td>\n<td style=\"text-align: center; background-color: #ebf5fe; width: 64px;\" width=\"60\"><a href=\"\/working_group_of_legal_experts\/GTEJ3\/LAW-20045_fed_Programme%20-%20Programm%20-%20Programme.pdf\">PDF<\/a><\/td>\n<\/tr>\n<tr>\n<td style=\"background-color: #ebf5fe; width: 323px; text-align: left;\" width=\"318\"><span style=\"font-size: 10pt;\">Programm (detaillierter Zeitplan)<\/span><\/td>\n<td style=\"text-align: center; background-color: #ebf5fe; width: 64px;\" width=\"60\"><a href=\"\/working_group_of_legal_experts\/GTEJ3\/LAW-20045_fed_Programme%20-%20Programm%20-%20Programme.pdf\">PDF<\/a><\/td>\n<\/tr>\n<tr>\n<td style=\"background-color: #ebf5fe; width: 323px; text-align: left;\" width=\"318\"><span style=\"font-size: 10pt;\">Programme (detailed timetable)<\/span><\/td>\n<td style=\"text-align: center; background-color: #ebf5fe; width: 64px;\" width=\"60\"><a href=\"\/working_group_of_legal_experts\/GTEJ3\/LAW-20045_fed_Programme%20-%20Programm%20-%20Programme.pdf\">PDF<\/a><\/td>\n<\/tr>\n<tr>\n<td style=\"width: 163px;\" rowspan=\"3\">\n<p style=\"text-align: center;\"><span style=\"font-size: 10pt;\">\u00a0<\/span><\/p>\n<p style=\"text-align: center;\"><span style=\"font-size: 10pt;\">\u00a0<\/span><\/p>\n<\/td>\n<td style=\"width: 323px; text-align: left;\"><span style=\"font-size: 10pt;\">VoiceBoxer &#8211; Interface du Pr\u00e9sentateur<\/span><\/td>\n<td style=\"width: 130px;\" rowspan=\"3\">\n<p style=\"text-align: center;\"><span style=\"font-size: 10pt;\">\u00a0<\/span><\/p>\n<p style=\"text-align: center;\"><span style=\"font-size: 10pt;\">\u00a0<\/span><\/p>\n<p style=\"text-align: center;\"><span style=\"font-size: 10pt;\">\u00a0<\/span><\/p>\n<\/td>\n<td style=\"text-align: center; width: 64px;\">\u00a0<a href=\"\/working_group_of_legal_experts\/GTEJ3\/VoiceBoxer%20-%20Interface%20du%20Pr%C3%A9sentateur.pdf\">PDF<\/a><\/td>\n<\/tr>\n<tr>\n<td style=\"width: 323px; text-align: left;\"><span style=\"font-size: 10pt;\">VoiceBoxer &#8211; Presenter-Oberfl\u00e4che<\/span><\/td>\n<td style=\"text-align: center; width: 64px;\"><a href=\"\/working_group_of_legal_experts\/GTEJ3\/VoiceBoxer%20-%20Presenter-Oberfl%C3%A4che.pdf\">PDF<\/a><\/td>\n<\/tr>\n<tr>\n<td style=\"width: 323px; text-align: left;\"><span style=\"font-size: 10pt;\">VoiceBoxer &#8211; Presenter Interface<\/span><\/td>\n<td style=\"text-align: center; width: 64px;\"><a href=\"\/working_group_of_legal_experts\/GTEJ3\/VoiceBoxer%20-%20Presenter%20Interface.pdf\">PDF<\/a><\/td>\n<\/tr>\n<tr>\n<td style=\"width: 163px; background-color: #ebf5fe;\" rowspan=\"3\">\n<p style=\"text-align: center;\"><span style=\"font-size: 10pt;\">\u00a0<\/span><\/p>\n<p style=\"text-align: center;\"><span style=\"font-size: 10pt;\">\u00a0<\/span><\/p>\n<p style=\"text-align: center;\"><span style=\"font-size: 10pt;\">\u00a0<\/span><\/p>\n<\/td>\n<td style=\"width: 323px; background-color: #ebf5fe; text-align: left;\"><span style=\"font-size: 10pt;\">VoiceBoxer &#8211; Presenter-Oberfl\u00e4che<\/span><\/td>\n<td style=\"width: 130px; background-color: #ebf5fe;\" rowspan=\"3\">\n<p style=\"text-align: center;\"><span style=\"font-size: 10pt;\">\u00a0<\/span><\/p>\n<p style=\"text-align: center;\"><span style=\"font-size: 10pt;\">\u00a0<\/span><\/p>\n<p style=\"text-align: center;\"><span style=\"font-size: 10pt;\">\u00a0<\/span><\/p>\n<\/td>\n<td style=\"text-align: center; width: 64px; background-color: #ebf5fe;\"><a href=\"\/working_group_of_legal_experts\/GTEJ3\/VoiceBoxer%20-%20Presenter-Oberfl%C3%A4che.pdf\">PDF<\/a><\/td>\n<\/tr>\n<tr>\n<td style=\"width: 323px; background-color: #ebf5fe; text-align: left;\"><span style=\"font-size: 10pt;\">Anweisungen zur Nutzung von VoiceBoxer<\/span><\/td>\n<td style=\"text-align: center; width: 64px; background-color: #ebf5fe;\"><a href=\"\/working_group_of_legal_experts\/GTEJ3\/Anweisungen%20zur%20Nutzung%20von%20VoiceBoxer.pdf\">PDF\u00a0<\/a><\/td>\n<\/tr>\n<tr>\n<td style=\"width: 323px; background-color: #ebf5fe; text-align: left;\"><span style=\"font-size: 10pt;\">VoiceBoxer Presenter Instructions<\/span><\/td>\n<td style=\"text-align: center; width: 64px; background-color: #ebf5fe;\"><a href=\"\/working_group_of_legal_experts\/GTEJ3\/VoiceBoxer%20Presenter%20Instructions.pdf\">PDF<\/a><\/td>\n<\/tr>\n<\/tbody>\n<\/table>\n<p>[\/vc_toggle][vc_toggle title=&#8221;Documents approuv\u00e9s \/ Genehmigte Dokument \/ Documents approved&#8221; el_id=&#8221;1479649921542-3eaf44e4-2740&#8243;]<\/p>\n<table width=\"0\">\n<tbody>\n<tr>\n<td rowspan=\"3\" width=\"158\">\n<p style=\"text-align: center;\"><span style=\"font-size: 10pt;\">LAW-20061-ACC 3<\/span><\/p>\n<\/td>\n<td style=\"text-align: left;\" width=\"318\"><span style=\"font-size: 10pt;\">D\u00e9cisions<\/span><\/td>\n<td rowspan=\"3\" width=\"125\">\n<p style=\"text-align: center;\"><span style=\"font-size: 10pt;\">20.10.2020<\/span><\/p>\n<\/td>\n<td width=\"60\"><a href=\"\/ad_hoc_committee_on_cooperation\/ACC3\/LAW-20061-ACC3-fde-Decisions.pdf\">PDF<\/a><\/td>\n<\/tr>\n<tr>\n<td style=\"text-align: left;\" width=\"318\"><span style=\"font-size: 10pt;\">Beschl\u00fcsse<\/span><\/td>\n<td width=\"60\"><a href=\"\/ad_hoc_committee_on_cooperation\/ACC3\/LAW-20061-ACC3-fde-Decisions.pdf\">PDF<\/a><\/td>\n<\/tr>\n<tr>\n<td style=\"text-align: left;\" width=\"318\"><span style=\"font-size: 10pt;\">Decisions<\/span><\/td>\n<td width=\"60\"><a href=\"\/ad_hoc_committee_on_cooperation\/ACC3\/LAW-20061-ACC3-fde-Decisions.pdf\">PDF<\/a><\/td>\n<\/tr>\n<\/tbody>\n<\/table>\n<p>[\/vc_toggle][vc_toggle title=&#8221;Pr\u00e9sentations \/Pr\u00e4sentationen \/ Presentations&#8221; el_id=&#8221;1479650107320-59b8f1ee-1077&#8243;]<a href=\"\/ad_hoc_committee_on_cooperation\/ACC3\/ACC3_OTIF_20%20October%202020.pdf\" target=\"_blank\" rel=\"noopener noreferrer\"><span style=\"font-size: 10pt;\">Secretariat_20 October 2020<\/span><\/a>[\/vc_toggle][\/vc_column][\/vc_row]<\/p>\n<\/div>","protected":false},"excerpt":{"rendered":"<p>[vc_row][vc_column][vc_column_text] 3e session: 22 avril 2020 (Berne) &#8211; Report\u00e9e au 20 octobre 2020 (r\u00e9union \u00e0 distance) 3. Tagung: 22. April 2020 (Bern) &#8211; Verschoben auf den<span class=\"excerpt-hellip\"> [\u2026]<\/span><\/p>\n","protected":false},"author":1,"featured_media":0,"parent":1111,"menu_order":12,"comment_status":"closed","ping_status":"closed","template":"","meta":{"footnotes":""},"class_list":["post-1119","page","type-page","status-publish","hentry"],"_links":{"self":[{"href":"https:\/\/extranet.otif.org\/jur\/index.php?rest_route=\/wp\/v2\/pages\/1119","targetHints":{"allow":["GET"]}}],"collection":[{"href":"https:\/\/extranet.otif.org\/jur\/index.php?rest_route=\/wp\/v2\/pages"}],"about":[{"href":"https:\/\/extranet.otif.org\/jur\/index.php?rest_route=\/wp\/v2\/types\/page"}],"author":[{"embeddable":true,"href":"https:\/\/extranet.otif.org\/jur\/index.php?rest_route=\/wp\/v2\/users\/1"}],"replies":[{"embeddable":true,"href":"https:\/\/extranet.otif.org\/jur\/index.php?rest_route=%2Fwp%2Fv2%2Fcomments&post=1119"}],"version-history":[{"count":37,"href":"https:\/\/extranet.otif.org\/jur\/index.php?rest_route=\/wp\/v2\/pages\/1119\/revisions"}],"predecessor-version":[{"id":5931,"href":"https:\/\/extranet.otif.org\/jur\/index.php?rest_route=\/wp\/v2\/pages\/1119\/revisions\/5931"}],"up":[{"embeddable":true,"href":"https:\/\/extranet.otif.org\/jur\/index.php?rest_route=\/wp\/v2\/pages\/1111"}],"wp:attachment":[{"href":"https:\/\/extranet.otif.org\/jur\/index.php?rest_route=%2Fwp%2Fv2%2Fmedia&parent=1119"}],"curies":[{"name":"wp","href":"https:\/\/api.w.org\/{rel}","templated":true}]}}