{"id":138,"date":"2016-07-11T13:18:22","date_gmt":"2016-07-11T13:18:22","guid":{"rendered":"http:\/\/otif.ch\/en\/?page_id=138"},"modified":"2022-02-09T13:15:45","modified_gmt":"2022-02-09T13:15:45","slug":"rid-committee-of-experts","status":"publish","type":"page","link":"https:\/\/extranet.otif.org\/jur\/?page_id=138","title":{"rendered":"Quatri\u00e8me \/ Vierte \/ Fourth"},"content":{"rendered":"<div class=\"wpb-content-wrapper\"><p>[vc_row][vc_column][vc_column_text]<\/p>\n<h3 style=\"text-align: left;\">4<sup>e<\/sup> session : 13 avril 2021 (Gen\u00e8ve, r\u00e9union hybride)<\/h3>\n<h3 style=\"text-align: left;\">4. Tagung: 13. April 2021 (Genf, Hybrid-Tagung)<\/h3>\n<h3 style=\"text-align: left;\">4<sup>th<\/sup> Session: 13 April 2021 (Geneva, hybrid meeting)<br \/>\n<img decoding=\"async\" class=\"alignnone\" src=\"http:\/\/otif.org\/fileadmin\/images\/icons\/line.png\" width=\"800\" height=\"1\" \/><\/h3>\n<p>[\/vc_column_text][vc_toggle title=&#8221;Convocation \/ Einladung \/ Invitation&#8221; el_id=&#8221;1479647993798-170dde84-f195&#8243;]<\/p>\n<table width=\"0\">\n<tbody>\n<tr>\n<td rowspan=\"3\" width=\"158\">\n<p style=\"text-align: center;\"><span style=\"font-size: 10pt;\">LAW-21006-ACC 4\/GTEJ 4<\/span><\/p>\n<\/td>\n<td style=\"text-align: left;\" width=\"318\"><span style=\"font-size: 10pt;\">Convocation<\/span><\/td>\n<td rowspan=\"3\" width=\"125\">\n<p style=\"text-align: center;\"><span style=\"font-size: 10pt;\">12.02.2021<\/span><\/p>\n<\/td>\n<td style=\"text-align: center;\" width=\"60\"><a href=\"\/ad_hoc_committee_on_cooperation\/ACC4\/LAW-21006-ACC4_GTEJ4-f-Convocation.pdf\">PDF<\/a><\/td>\n<\/tr>\n<tr>\n<td style=\"text-align: left;\" width=\"318\"><span style=\"font-size: 10pt;\">Einladung<\/span><\/td>\n<td style=\"text-align: center;\" width=\"60\"><a href=\"\/ad_hoc_committee_on_cooperation\/ACC4\/LAW-21006-ACC4_GTEJ4-d-Einladung.pdf\">PDF<\/a><\/td>\n<\/tr>\n<tr>\n<td style=\"text-align: left;\" width=\"318\"><span style=\"font-size: 10pt;\">Invitation<\/span><\/td>\n<td style=\"text-align: center;\" width=\"60\"><a href=\"\/ad_hoc_committee_on_cooperation\/ACC4\/LAW-21006-ACC4_GTEJ4-e-Invitation.pdf\">PDF<\/a><\/td>\n<\/tr>\n<\/tbody>\n<\/table>\n<p>[\/vc_toggle][vc_toggle title=&#8221;Ordre du jour \/ Tagesordnung \/ Agenda&#8221; el_id=&#8221;1479647989704-356f8b5f-6dc8&#8243;]<\/p>\n<table width=\"0\">\n<tbody>\n<tr>\n<td style=\"background-color: #ebf5fe;\" rowspan=\"3\" width=\"158\">\n<p style=\"text-align: center;\"><span style=\"font-size: 10pt;\">LAW-21007-ACC 4\/1<\/span><\/p>\n<\/td>\n<td style=\"text-align: left; background-color: #ebf5fe;\" width=\"318\">\u00a0<span style=\"font-size: 10pt;\">Ordre du jour provisoire et ordre du jour provisoire annot\u00e9<\/span><\/td>\n<td style=\"background-color: #ebf5fe;\" rowspan=\"3\" width=\"125\">\n<p style=\"text-align: center;\"><span style=\"font-size: 10pt;\">12.02.2021<\/span><\/p>\n<\/td>\n<td style=\"text-align: center; background-color: #ebf5fe;\" width=\"60\"><a href=\"\/ad_hoc_committee_on_cooperation\/ACC4\/LAW-21007-ACC4-01-f-OJ%20provisoire%20et%20OJ%20provisoire%20annot%C3%A9.pdf\">PDF<\/a><\/td>\n<\/tr>\n<tr>\n<td style=\"text-align: left; background-color: #ebf5fe;\" width=\"318\"><span style=\"font-size: 10pt;\">Vorl\u00e4ufige Tagesordnung und kommentierte vorl\u00e4ufige Tagesordnung<\/span><\/td>\n<td style=\"text-align: center; background-color: #ebf5fe;\" width=\"60\"><a href=\"\/ad_hoc_committee_on_cooperation\/ACC4\/LAW-21007-ACC4-01-d-Vorl%C3%A4ufige%20TO%20und%20kommentierte%20vorl%C3%A4ufige%20TO.pdf\">PDF<\/a><\/td>\n<\/tr>\n<tr>\n<td style=\"text-align: left; background-color: #ebf5fe;\" width=\"318\"><span style=\"font-size: 10pt;\">Provisional agenda and annotated provisional agenda<\/span><\/td>\n<td style=\"text-align: center; background-color: #ebf5fe;\" width=\"60\"><a href=\"\/ad_hoc_committee_on_cooperation\/ACC4\/LAW-21007-ACC4-01-e-Provisional%20agenda%20and%20annotated%20provisional%20agenda.pdf\">PDF<\/a><\/td>\n<\/tr>\n<\/tbody>\n<\/table>\n<p>[\/vc_toggle][vc_toggle title=&#8221;Rapports \/ Berichte \/ Reports&#8221; el_id=&#8221;1479649658489-44891af7-83c0&#8243;]<\/p>\n<table style=\"height: 156px; width: 661px;\" width=\"661\">\n<tbody>\n<tr style=\"height: 52px;\">\n<td style=\"height: 156px; width: 23.5207%;\" rowspan=\"3\" width=\"158\"><\/td>\n<td style=\"height: 52px; width: 47.0414%; text-align: left;\" width=\"318\">Proc\u00e8s-verbal<\/td>\n<td style=\"height: 156px; width: 18.9349%;\" rowspan=\"3\" width=\"125\">\n<p style=\"text-align: center;\">13.04.2021<\/p>\n<\/td>\n<td style=\"height: 52px; width: 9.46746%; text-align: center;\" width=\"60\"><a href=\"\/ad_hoc_committee_on_cooperation\/ACC4\/ACC4-f-Proc%C3%A8s-verbal-%26-Add.pdf\">PDF<\/a><\/td>\n<\/tr>\n<tr style=\"height: 52px;\">\n<td style=\"height: 52px; width: 47.0414%; text-align: left;\" width=\"318\">Niederschrift<\/td>\n<td style=\"height: 52px; width: 9.46746%; text-align: center;\" width=\"60\"><a href=\"\/ad_hoc_committee_on_cooperation\/ACC4\/ACC4-d-Niederschrift-%26-Add.pdf\">PDF<\/a><\/td>\n<\/tr>\n<tr style=\"height: 52px;\">\n<td style=\"height: 52px; width: 47.0414%; text-align: left;\" width=\"318\">Minutes<\/td>\n<td style=\"height: 52px; width: 9.46746%; text-align: center;\" width=\"60\"><a href=\"\/ad_hoc_committee_on_cooperation\/ACC4\/ACC4-e-Minutes-%26-Add.pdf\">PDF<\/a><\/td>\n<\/tr>\n<\/tbody>\n<\/table>\n<p>[\/vc_toggle][vc_toggle title=&#8221;Documents de travail \/ Arbeitsdokumente \/ Working Documents&#8221; el_id=&#8221;1479649720626-32c1f10b-d9e6&#8243;]<strong>Le rapport sur les activit\u00e9s de la Commission ad hoc sur la coop\u00e9ration \/<\/strong><\/p>\n<p><strong>Bericht \u00fcber die T\u00e4tigkeit des Ad-hoc-Ausschusses f\u00fcr Kooperation \/<\/strong><\/p>\n<p><strong>Report on activities of the ad hoc Committee on Cooperation<\/strong><\/p>\n<table width=\"0\">\n<tbody>\n<tr>\n<td style=\"background-color: #ebf5fe;\" rowspan=\"3\" width=\"158\">\n<p style=\"text-align: center;\"><span style=\"font-size: 10pt;\">LAW-21020-ACC 4\/4-GTEJ 4\/7<\/span><\/p>\n<\/td>\n<td style=\"background-color: #ebf5fe; text-align: left;\" width=\"318\"><span style=\"font-size: 10pt;\">Rapport sur les activit\u00e9s de la Commission ad hoc sur la coop\u00e9ration et du Groupe de travail d\u2019experts juridiques<\/span><\/td>\n<td style=\"background-color: #ebf5fe;\" rowspan=\"3\" width=\"125\">\n<p style=\"text-align: center;\"><span style=\"font-size: 10pt;\">12.03.2021<\/span><\/p>\n<\/td>\n<td style=\"text-align: center; background-color: #ebf5fe;\" width=\"60\"><a href=\"\/ad_hoc_committee_on_cooperation\/ACC4\/LAW-21020-ACC4-04-GTEJ4-07-f-Rapport%20sur%20les%20activit%C3%A9s%20de%20la%20ACC%20et%20du%20GTEJ.pdf\">PDF<\/a><\/td>\n<\/tr>\n<tr>\n<td style=\"background-color: #ebf5fe; text-align: left;\" width=\"318\"><span style=\"font-size: 10pt;\">Bericht \u00fcber die T\u00e4tigkeit des Ad-hoc-Ausschusses f\u00fcr Kooperation und der Arbeitsgruppe der Rechtsexperten<\/span><\/td>\n<td style=\"text-align: center; background-color: #ebf5fe;\" width=\"60\"><a href=\"\/ad_hoc_committee_on_cooperation\/ACC4\/LAW-21020-ACC4-04-GTEJ4-07-d-Bericht%20%C3%BCber%20die%20T%C3%A4tigkeit%20des%20ACC%20und%20der%20GTEJ.pdf\">PDF<\/a><\/td>\n<\/tr>\n<tr>\n<td style=\"background-color: #ebf5fe; text-align: left;\" width=\"318\">\n<p style=\"text-align: left;\"><span style=\"font-size: 10pt;\">Report on the activities of the ad hoc Committee on Cooperation and the Working Group of Legal Experts<\/span><\/p>\n<\/td>\n<td style=\"text-align: center; background-color: #ebf5fe;\" width=\"60\"><a href=\"\/ad_hoc_committee_on_cooperation\/ACC4\/LAW-21020-ACC4-04-GTEJ4-07-e-Report%20on%20activities%20of%20the%20ACC%20and%20GTEJ.pdf\">PDF<\/a><\/td>\n<\/tr>\n<\/tbody>\n<\/table>\n<p>[\/vc_toggle][vc_toggle title=&#8221;Documents informels \/ Informelle Dokumente \/ Informal Documents&#8221; el_id=&#8221;1479649843861-97e0677c-c7f8&#8243;]<\/p>\n<table width=\"0\">\n<tbody>\n<tr>\n<td rowspan=\"3\" width=\"158\">\n<p style=\"text-align: center;\"><span style=\"font-size: 10pt;\">LAW-21028<\/span><\/p>\n<\/td>\n<td style=\"text-align: left;\" rowspan=\"3\" width=\"318\"><span style=\"font-size: 10pt;\">Enhancing cooperation between OTIF and OSJD<\/span><\/td>\n<td rowspan=\"3\" width=\"125\">\n<p style=\"text-align: center;\"><span style=\"font-size: 10pt;\">30.03.2021<\/span><\/p>\n<\/td>\n<td style=\"text-align: center;\" rowspan=\"3\" width=\"60\"><a href=\"\/ad_hoc_committee_on_cooperation\/ACC4\/LAW-21028-e-OSJD-Enhancing%20cooperation%20between%20OSJD%20and%20OTIF-%26-Add.pdf\">PDF<\/a><\/td>\n<\/tr>\n<\/tbody>\n<\/table>\n<p>[\/vc_toggle][vc_toggle title=&#8221;Documents approuv\u00e9s \/ Genehmigte Dokument \/ Documents approved&#8221; el_id=&#8221;1479649921542-3eaf44e4-2740&#8243;]<\/p>\n<table width=\"0\">\n<tbody>\n<tr>\n<td rowspan=\"3\" width=\"158\">\n<p style=\"text-align: center;\"><span style=\"font-size: 10pt;\">LAW-21052-ACC4<\/span><\/p>\n<\/td>\n<td style=\"text-align: left;\" width=\"318\"><span style=\"font-size: 10pt;\">D\u00e9cisions<\/span><\/td>\n<td rowspan=\"3\" width=\"125\">\n<p style=\"text-align: center;\"><span style=\"font-size: 10pt;\">13.04.2021<\/span><\/p>\n<\/td>\n<td style=\"text-align: center;\" width=\"60\"><a href=\"\/ad_hoc_committee_on_cooperation\/ACC4\/LAW-21052-ACC4-fde-Decisions-%26-Add.pdf\">PDF<\/a><\/td>\n<\/tr>\n<tr>\n<td style=\"text-align: left;\" width=\"318\"><span style=\"font-size: 10pt;\">Beschl\u00fcsse<\/span><\/td>\n<td style=\"text-align: center;\" width=\"60\"><a href=\"\/ad_hoc_committee_on_cooperation\/ACC4\/LAW-21052-ACC4-fde-Decisions-%26-Add.pdf\">PDF<\/a><\/td>\n<\/tr>\n<tr>\n<td style=\"text-align: left;\" width=\"318\"><span style=\"font-size: 10pt;\">Decisions<\/span><\/td>\n<td style=\"text-align: center;\" width=\"60\"><a href=\"\/ad_hoc_committee_on_cooperation\/ACC4\/LAW-21052-ACC4-fde-Decisions-%26-Add.pdf\">PDF<\/a><\/td>\n<\/tr>\n<\/tbody>\n<\/table>\n<p>[\/vc_toggle][vc_toggle title=&#8221;Pr\u00e9sentations \/ Pr\u00e4sentationen \/ Presentations&#8221; el_id=&#8221;1479650107320-59b8f1ee-1077&#8243;][\/vc_toggle][\/vc_column][\/vc_row]<\/p>\n<\/div>","protected":false},"excerpt":{"rendered":"<p>[vc_row][vc_column][vc_column_text] 4e session : 13 avril 2021 (Gen\u00e8ve, r\u00e9union hybride) 4. Tagung: 13. April 2021 (Genf, Hybrid-Tagung) 4th Session: 13 April 2021 (Geneva, hybrid meeting) [\/vc_column_text][vc_toggle<span class=\"excerpt-hellip\"> [\u2026]<\/span><\/p>\n","protected":false},"author":1,"featured_media":0,"parent":1111,"menu_order":13,"comment_status":"closed","ping_status":"closed","template":"","meta":{"footnotes":""},"class_list":["post-138","page","type-page","status-publish","hentry"],"_links":{"self":[{"href":"https:\/\/extranet.otif.org\/jur\/index.php?rest_route=\/wp\/v2\/pages\/138","targetHints":{"allow":["GET"]}}],"collection":[{"href":"https:\/\/extranet.otif.org\/jur\/index.php?rest_route=\/wp\/v2\/pages"}],"about":[{"href":"https:\/\/extranet.otif.org\/jur\/index.php?rest_route=\/wp\/v2\/types\/page"}],"author":[{"embeddable":true,"href":"https:\/\/extranet.otif.org\/jur\/index.php?rest_route=\/wp\/v2\/users\/1"}],"replies":[{"embeddable":true,"href":"https:\/\/extranet.otif.org\/jur\/index.php?rest_route=%2Fwp%2Fv2%2Fcomments&post=138"}],"version-history":[{"count":39,"href":"https:\/\/extranet.otif.org\/jur\/index.php?rest_route=\/wp\/v2\/pages\/138\/revisions"}],"predecessor-version":[{"id":5932,"href":"https:\/\/extranet.otif.org\/jur\/index.php?rest_route=\/wp\/v2\/pages\/138\/revisions\/5932"}],"up":[{"embeddable":true,"href":"https:\/\/extranet.otif.org\/jur\/index.php?rest_route=\/wp\/v2\/pages\/1111"}],"wp:attachment":[{"href":"https:\/\/extranet.otif.org\/jur\/index.php?rest_route=%2Fwp%2Fv2%2Fmedia&parent=138"}],"curies":[{"name":"wp","href":"https:\/\/api.w.org\/{rel}","templated":true}]}}